{"id":1836,"date":"2022-06-03T21:38:42","date_gmt":"2022-06-03T19:38:42","guid":{"rendered":"https:\/\/davidgomez.ovh\/blog-2\/"},"modified":"2022-07-15T19:00:49","modified_gmt":"2022-07-15T17:00:49","slug":"blog-2","status":"publish","type":"page","link":"https:\/\/davidgomez.ovh\/en\/blog-2\/","title":{"rendered":"Blog"},"content":{"rendered":"<p>[et_pb_section fb_built=&#8221;1&#8243; _builder_version=&#8221;4.17.4&#8243; _module_preset=&#8221;default&#8221; global_colors_info=&#8221;{}&#8221;][et_pb_row _builder_version=&#8221;4.17.4&#8243; _module_preset=&#8221;default&#8221; global_colors_info=&#8221;{}&#8221;][et_pb_column type=&#8221;4_4&#8243; _builder_version=&#8221;4.17.4&#8243; _module_preset=&#8221;default&#8221; global_colors_info=&#8221;{}&#8221;][et_pb_post_title _builder_version=&#8221;4.17.4&#8243; _module_preset=&#8221;default&#8221; meta=&#8221;off&#8221; featured_image=&#8221;off&#8221; hover_enabled=&#8221;0&#8243; sticky_enabled=&#8221;0&#8243; title_text_align=&#8221;center&#8221; title_font_size=&#8221;48px&#8221;][\/et_pb_post_title][et_pb_blog fullwidth=&#8221;off&#8221; posts_number=&#8221;12&#8243; include_categories=&#8221;11,13,1&#8243; _builder_version=&#8221;4.17.4&#8243; _module_preset=&#8221;default&#8221; global_colors_info=&#8221;{}&#8221;][\/et_pb_blog][\/et_pb_column][\/et_pb_row][\/et_pb_section]<\/p>\n","protected":false},"excerpt":{"rendered":"","protected":false},"author":2,"featured_media":0,"parent":0,"menu_order":0,"comment_status":"closed","ping_status":"closed","template":"","meta":{"_et_pb_use_builder":"on","_et_pb_old_content":"","_et_gb_content_width":"","jetpack_post_was_ever_published":false,"footnotes":""},"class_list":["post-1836","page","type-page","status-publish","hentry"],"yoast_head":"<!-- This site is optimized with the Yoast SEO plugin v27.4 - https:\/\/yoast.com\/product\/yoast-seo-wordpress\/ -->\n<title>Blog - David G\u00f3mez<\/title>\n<meta name=\"robots\" content=\"index, follow, max-snippet:-1, max-image-preview:large, max-video-preview:-1\" \/>\n<link rel=\"canonical\" href=\"https:\/\/davidgomez.ovh\/en\/blog-2\/\" \/>\n<meta property=\"og:locale\" content=\"en_US\" \/>\n<meta property=\"og:type\" content=\"article\" \/>\n<meta property=\"og:title\" content=\"Blog - David G\u00f3mez\" \/>\n<meta property=\"og:url\" content=\"https:\/\/davidgomez.ovh\/en\/blog-2\/\" \/>\n<meta property=\"og:site_name\" content=\"David G\u00f3mez\" \/>\n<meta property=\"article:modified_time\" content=\"2022-07-15T17:00:49+00:00\" \/>\n<meta name=\"twitter:card\" content=\"summary_large_image\" \/>\n<meta name=\"twitter:site\" content=\"@Dagolibros\" \/>\n<script type=\"application\/ld+json\" class=\"yoast-schema-graph\">{\"@context\":\"https:\\\/\\\/schema.org\",\"@graph\":[{\"@type\":\"WebPage\",\"@id\":\"https:\\\/\\\/davidgomez.ovh\\\/en\\\/blog-2\\\/\",\"url\":\"https:\\\/\\\/davidgomez.ovh\\\/en\\\/blog-2\\\/\",\"name\":\"Blog - David G\u00f3mez\",\"isPartOf\":{\"@id\":\"https:\\\/\\\/davidgomez.ovh\\\/en\\\/#website\"},\"datePublished\":\"2022-06-03T19:38:42+00:00\",\"dateModified\":\"2022-07-15T17:00:49+00:00\",\"breadcrumb\":{\"@id\":\"https:\\\/\\\/davidgomez.ovh\\\/en\\\/blog-2\\\/#breadcrumb\"},\"inLanguage\":\"en-US\",\"potentialAction\":[{\"@type\":\"ReadAction\",\"target\":[\"https:\\\/\\\/davidgomez.ovh\\\/en\\\/blog-2\\\/\"]}]},{\"@type\":\"BreadcrumbList\",\"@id\":\"https:\\\/\\\/davidgomez.ovh\\\/en\\\/blog-2\\\/#breadcrumb\",\"itemListElement\":[{\"@type\":\"ListItem\",\"position\":1,\"name\":\"Portada\",\"item\":\"https:\\\/\\\/davidgomez.ovh\\\/en\\\/\"},{\"@type\":\"ListItem\",\"position\":2,\"name\":\"Blog\"}]},{\"@type\":\"WebSite\",\"@id\":\"https:\\\/\\\/davidgomez.ovh\\\/en\\\/#website\",\"url\":\"https:\\\/\\\/davidgomez.ovh\\\/en\\\/\",\"name\":\"David G\u00f3mez\",\"description\":\"Palabras con Prop\u00f3sito - Meditaciones sobre la Biblia\",\"publisher\":{\"@id\":\"https:\\\/\\\/davidgomez.ovh\\\/en\\\/#\\\/schema\\\/person\\\/e7a95ca65cffdc57d9ec5671daa10ff0\"},\"potentialAction\":[{\"@type\":\"SearchAction\",\"target\":{\"@type\":\"EntryPoint\",\"urlTemplate\":\"https:\\\/\\\/davidgomez.ovh\\\/en\\\/?s={search_term_string}\"},\"query-input\":{\"@type\":\"PropertyValueSpecification\",\"valueRequired\":true,\"valueName\":\"search_term_string\"}}],\"inLanguage\":\"en-US\"},{\"@type\":[\"Person\",\"Organization\"],\"@id\":\"https:\\\/\\\/davidgomez.ovh\\\/en\\\/#\\\/schema\\\/person\\\/e7a95ca65cffdc57d9ec5671daa10ff0\",\"name\":\"David G\u00f3mez\",\"image\":{\"@type\":\"ImageObject\",\"inLanguage\":\"en-US\",\"@id\":\"https:\\\/\\\/i0.wp.com\\\/davidgomez.ovh\\\/wp-content\\\/uploads\\\/2022\\\/06\\\/Favicon-Palabras-con-Proposito.jpg?fit=600%2C600&ssl=1\",\"url\":\"https:\\\/\\\/i0.wp.com\\\/davidgomez.ovh\\\/wp-content\\\/uploads\\\/2022\\\/06\\\/Favicon-Palabras-con-Proposito.jpg?fit=600%2C600&ssl=1\",\"contentUrl\":\"https:\\\/\\\/i0.wp.com\\\/davidgomez.ovh\\\/wp-content\\\/uploads\\\/2022\\\/06\\\/Favicon-Palabras-con-Proposito.jpg?fit=600%2C600&ssl=1\",\"width\":600,\"height\":600,\"caption\":\"David G\u00f3mez\"},\"logo\":{\"@id\":\"https:\\\/\\\/i0.wp.com\\\/davidgomez.ovh\\\/wp-content\\\/uploads\\\/2022\\\/06\\\/Favicon-Palabras-con-Proposito.jpg?fit=600%2C600&ssl=1\"},\"sameAs\":[\"https:\\\/\\\/x.com\\\/Dagolibros\"]}]}<\/script>\n<!-- \/ Yoast SEO plugin. -->","yoast_head_json":{"title":"Blog - David G\u00f3mez","robots":{"index":"index","follow":"follow","max-snippet":"max-snippet:-1","max-image-preview":"max-image-preview:large","max-video-preview":"max-video-preview:-1"},"canonical":"https:\/\/davidgomez.ovh\/en\/blog-2\/","og_locale":"en_US","og_type":"article","og_title":"Blog - David G\u00f3mez","og_url":"https:\/\/davidgomez.ovh\/en\/blog-2\/","og_site_name":"David G\u00f3mez","article_modified_time":"2022-07-15T17:00:49+00:00","twitter_card":"summary_large_image","twitter_site":"@Dagolibros","schema":{"@context":"https:\/\/schema.org","@graph":[{"@type":"WebPage","@id":"https:\/\/davidgomez.ovh\/en\/blog-2\/","url":"https:\/\/davidgomez.ovh\/en\/blog-2\/","name":"Blog - David G\u00f3mez","isPartOf":{"@id":"https:\/\/davidgomez.ovh\/en\/#website"},"datePublished":"2022-06-03T19:38:42+00:00","dateModified":"2022-07-15T17:00:49+00:00","breadcrumb":{"@id":"https:\/\/davidgomez.ovh\/en\/blog-2\/#breadcrumb"},"inLanguage":"en-US","potentialAction":[{"@type":"ReadAction","target":["https:\/\/davidgomez.ovh\/en\/blog-2\/"]}]},{"@type":"BreadcrumbList","@id":"https:\/\/davidgomez.ovh\/en\/blog-2\/#breadcrumb","itemListElement":[{"@type":"ListItem","position":1,"name":"Portada","item":"https:\/\/davidgomez.ovh\/en\/"},{"@type":"ListItem","position":2,"name":"Blog"}]},{"@type":"WebSite","@id":"https:\/\/davidgomez.ovh\/en\/#website","url":"https:\/\/davidgomez.ovh\/en\/","name":"David G\u00f3mez","description":"Palabras con Prop\u00f3sito - Meditaciones sobre la Biblia","publisher":{"@id":"https:\/\/davidgomez.ovh\/en\/#\/schema\/person\/e7a95ca65cffdc57d9ec5671daa10ff0"},"potentialAction":[{"@type":"SearchAction","target":{"@type":"EntryPoint","urlTemplate":"https:\/\/davidgomez.ovh\/en\/?s={search_term_string}"},"query-input":{"@type":"PropertyValueSpecification","valueRequired":true,"valueName":"search_term_string"}}],"inLanguage":"en-US"},{"@type":["Person","Organization"],"@id":"https:\/\/davidgomez.ovh\/en\/#\/schema\/person\/e7a95ca65cffdc57d9ec5671daa10ff0","name":"David G\u00f3mez","image":{"@type":"ImageObject","inLanguage":"en-US","@id":"https:\/\/i0.wp.com\/davidgomez.ovh\/wp-content\/uploads\/2022\/06\/Favicon-Palabras-con-Proposito.jpg?fit=600%2C600&ssl=1","url":"https:\/\/i0.wp.com\/davidgomez.ovh\/wp-content\/uploads\/2022\/06\/Favicon-Palabras-con-Proposito.jpg?fit=600%2C600&ssl=1","contentUrl":"https:\/\/i0.wp.com\/davidgomez.ovh\/wp-content\/uploads\/2022\/06\/Favicon-Palabras-con-Proposito.jpg?fit=600%2C600&ssl=1","width":600,"height":600,"caption":"David G\u00f3mez"},"logo":{"@id":"https:\/\/i0.wp.com\/davidgomez.ovh\/wp-content\/uploads\/2022\/06\/Favicon-Palabras-con-Proposito.jpg?fit=600%2C600&ssl=1"},"sameAs":["https:\/\/x.com\/Dagolibros"]}]}},"jetpack_sharing_enabled":true,"jetpack_shortlink":"https:\/\/wp.me\/P9uhwQ-tC","jetpack_likes_enabled":true,"jetpack-related-posts":[{"id":1838,"url":"https:\/\/davidgomez.ovh\/en\/contact\/","url_meta":{"origin":1836,"position":0},"title":"Contact","author":"David G\u00f3mez","date":"26 May, 2020","format":false,"excerpt":"","rel":"","context":"Similar post","block_context":{"text":"Similar post","link":""},"img":{"alt_text":"","src":"","width":0,"height":0},"classes":[]},{"id":50,"url":"https:\/\/davidgomez.ovh\/david-gomez-escritor-cristiano\/","url_meta":{"origin":1836,"position":1},"title":"David G\u00f3mez &#8211; Palabras con Prop\u00f3sito","author":"David G\u00f3mez","date":"21 December, 2017","format":false,"excerpt":"","rel":"","context":"Similar post","block_context":{"text":"Similar post","link":""},"img":{"alt_text":"","src":"","width":0,"height":0},"classes":[]},{"id":238,"url":"https:\/\/davidgomez.ovh\/conoceme\/","url_meta":{"origin":1836,"position":2},"title":"Con\u00f3ceme","author":"David G\u00f3mez","date":"30 December, 2017","format":false,"excerpt":"","rel":"","context":"Similar post","block_context":{"text":"Similar post","link":""},"img":{"alt_text":"","src":"..\/wp-content\/uploads\/2017\/12\/david-gomez-escritor-006-firma.jpg","width":350,"height":200},"classes":[]},{"id":864,"url":"https:\/\/davidgomez.ovh\/en-busca-de-el-pastor-perfecto\/","url_meta":{"origin":1836,"position":3},"title":"En Busca de&#8230; \u00bfEl Pastor Perfecto?","author":"David G\u00f3mez","date":"31 October, 2018","format":false,"excerpt":"","rel":"","context":"Similar post","block_context":{"text":"Similar post","link":""},"img":{"alt_text":"el-pastor-perfecto-I-D-web-1","src":"https:\/\/i0.wp.com\/davidgomez.ovh\/wp-content\/uploads\/2018\/11\/el-pastor-perfecto-I-D-web-1.jpg?fit=1200%2C900&ssl=1&resize=350%2C200","width":350,"height":200,"srcset":"https:\/\/i0.wp.com\/davidgomez.ovh\/wp-content\/uploads\/2018\/11\/el-pastor-perfecto-I-D-web-1.jpg?fit=1200%2C900&ssl=1&resize=350%2C200 1x, https:\/\/i0.wp.com\/davidgomez.ovh\/wp-content\/uploads\/2018\/11\/el-pastor-perfecto-I-D-web-1.jpg?fit=1200%2C900&ssl=1&resize=525%2C300 1.5x, https:\/\/i0.wp.com\/davidgomez.ovh\/wp-content\/uploads\/2018\/11\/el-pastor-perfecto-I-D-web-1.jpg?fit=1200%2C900&ssl=1&resize=700%2C400 2x, https:\/\/i0.wp.com\/davidgomez.ovh\/wp-content\/uploads\/2018\/11\/el-pastor-perfecto-I-D-web-1.jpg?fit=1200%2C900&ssl=1&resize=1050%2C600 3x"},"classes":[]},{"id":1886,"url":"https:\/\/davidgomez.ovh\/en\/","url_meta":{"origin":1836,"position":4},"title":"David Gomez &#8211; Words with Purpose","author":"David G\u00f3mez","date":"21 December, 2017","format":false,"excerpt":"","rel":"","context":"Similar post","block_context":{"text":"Similar post","link":""},"img":{"alt_text":"","src":"","width":0,"height":0},"classes":[]},{"id":226,"url":"https:\/\/davidgomez.ovh\/valle-sombra-muerte\/","url_meta":{"origin":1836,"position":5},"title":"En el Valle de Sombra de Muerte","author":"David G\u00f3mez","date":"30 December, 2017","format":false,"excerpt":"","rel":"","context":"Similar post","block_context":{"text":"Similar post","link":""},"img":{"alt_text":"En el valle de sombra de muerte","src":"https:\/\/i0.wp.com\/davidgomez.ovh\/wp-content\/uploads\/2018\/02\/En-el-valle-de-sombra-de-muerte-anuncio-fuego.jpg?fit=1200%2C628&ssl=1&resize=350%2C200","width":350,"height":200,"srcset":"https:\/\/i0.wp.com\/davidgomez.ovh\/wp-content\/uploads\/2018\/02\/En-el-valle-de-sombra-de-muerte-anuncio-fuego.jpg?fit=1200%2C628&ssl=1&resize=350%2C200 1x, https:\/\/i0.wp.com\/davidgomez.ovh\/wp-content\/uploads\/2018\/02\/En-el-valle-de-sombra-de-muerte-anuncio-fuego.jpg?fit=1200%2C628&ssl=1&resize=525%2C300 1.5x, https:\/\/i0.wp.com\/davidgomez.ovh\/wp-content\/uploads\/2018\/02\/En-el-valle-de-sombra-de-muerte-anuncio-fuego.jpg?fit=1200%2C628&ssl=1&resize=700%2C400 2x, https:\/\/i0.wp.com\/davidgomez.ovh\/wp-content\/uploads\/2018\/02\/En-el-valle-de-sombra-de-muerte-anuncio-fuego.jpg?fit=1200%2C628&ssl=1&resize=1050%2C600 3x"},"classes":[]}],"_links":{"self":[{"href":"https:\/\/davidgomez.ovh\/en\/wp-json\/wp\/v2\/pages\/1836","targetHints":{"allow":["GET"]}}],"collection":[{"href":"https:\/\/davidgomez.ovh\/en\/wp-json\/wp\/v2\/pages"}],"about":[{"href":"https:\/\/davidgomez.ovh\/en\/wp-json\/wp\/v2\/types\/page"}],"author":[{"embeddable":true,"href":"https:\/\/davidgomez.ovh\/en\/wp-json\/wp\/v2\/users\/2"}],"replies":[{"embeddable":true,"href":"https:\/\/davidgomez.ovh\/en\/wp-json\/wp\/v2\/comments?post=1836"}],"version-history":[{"count":0,"href":"https:\/\/davidgomez.ovh\/en\/wp-json\/wp\/v2\/pages\/1836\/revisions"}],"wp:attachment":[{"href":"https:\/\/davidgomez.ovh\/en\/wp-json\/wp\/v2\/media?parent=1836"}],"curies":[{"name":"wp","href":"https:\/\/api.w.org\/{rel}","templated":true}]}}