{"id":1870,"date":"2017-12-30T11:48:35","date_gmt":"2017-12-30T10:48:35","guid":{"rendered":"https:\/\/davidgomez.ovh\/cookie-policy\/"},"modified":"2022-06-11T12:23:20","modified_gmt":"2022-06-11T10:23:20","slug":"cookie-policy","status":"publish","type":"page","link":"https:\/\/davidgomez.ovh\/en\/cookie-policy\/","title":{"rendered":"Cookie Policy"},"content":{"rendered":"\n<h1 class=\"wp-block-heading\">Cookie Policy<\/h1>\n\n<p>A cookie is a small text file that is stored in your browser when you visit almost any web page. Its usefulness is that the web is able to remember your visit when you return to browse that page. Cookies usually store information of a technical nature, personal preferences, content personalization, usage statistics, links to social networks, access to user accounts, etc. The purpose of the cookie is to adapt the content of the website to your profile and needs, without cookies the services offered by any page would be significantly diminished. For more information on what cookies are, what they store, how to delete them, deactivate them, etc., please <a href=\"https:\/\/davidgomez.ovh\/en\/more-information-about-cookies\/\">follow this link<\/a>.<\/p>\n\n<h2 class=\"wp-block-heading\"><strong>Cookies used on this website<\/strong><\/h2>\n\n<p>Following the guidelines of the Spanish Data Protection Agency we proceed to detail the use of cookies that makes this website in order to inform you as accurately as possible.<\/p>\n\n<p>This website uses the following own cookies:<\/p>\n\n<ul class=\"wp-block-list\"><li>Session cookies, to ensure that users who write comments on the blog are human and not automated applications. This is the way to combat spam.<\/li><\/ul>\n<p>This website uses the following third-party cookies:<\/p>\n\n<ul class=\"wp-block-list\"><li>Google Analytics: Stores <em>cookies<\/em> to compile statistics on traffic and volume of visits to this website. By using this website you consent to the processing of data about you by Google. Therefore, the exercise of any rights in this regard should be made by communicating directly with Google.<\/li><li>WordPress: Stores own cookies for site management, comments and own statistics.<\/li><li>Sumome: Almacena cookies para la gesti\u00f3n de los pops up y de la suscripci\u00f3n a la lista<\/li><li>Social networks: Each social network uses its own cookies so that you can click on buttons such as Like or Share.<\/li><\/ul>\n<h2 class=\"wp-block-heading\">Disabling or deleting cookies<\/h2>\n\n<p>You may exercise your right to disable or delete cookies from this website at any time. These actions are performed differently depending on the browser you are using. Updated information on this can be found on each browser&#8217;s website.<\/p>\n\n<h2 class=\"wp-block-heading\">Additional notes<\/h2>\n\n<ul class=\"wp-block-list\"><li>Neither this website nor its legal representatives are responsible for the content or accuracy of the privacy policies that third parties mentioned in this cookie policy may have.<\/li><li>Web browsers are the tools in charge of storing cookies and from this place you should exercise your right to delete or deactivate them. Neither this website nor its legal representatives can guarantee the correct or incorrect handling of cookies by the aforementioned browsers.<\/li><li>In some cases it is necessary to install cookies so that the browser does not forget your decision not to accept them.<\/li><li>In the case of Google Analytics cookies, this company stores cookies on servers located in the United States and undertakes not to share it with third parties, except in cases where it is necessary for the operation of the system or when required by law. According to Google it does not save your IP address. Google Inc. is a company adhered to the Safe Harbor Agreement which guarantees that all data transferred will be treated with a level of protection in accordance with European regulations.  Detailed information on this subject can be found <a href=\"http:\/\/safeharbor.export.gov\/companyinfo.aspx?id=16626\" target=\"_blank\" rel=\"noopener\">at this link<\/a>. If you want information about the use that Google gives to cookies <a href=\"https:\/\/developers.google.com\/analytics\/devguides\/collection\/analyticsjs\/cookie-usage?hl=es&amp;csw=1\" target=\"_blank\" rel=\"noopener\">we attach this other link<\/a>.<\/li><li>If you have any doubts or questions about this cookie policy, please do not hesitate to contact us through the contact section.<\/li><\/ul>\n<p>Cookie Advisor es un <a href=\"http:\/\/wordpress.org\/plugins\/asesor-cookies-para-la-ley-en-espana\/\" target=\"_blank\" rel=\"noopener\">plugin para WordPress<\/a> creado por Carlos Doral (<a href=\"http:\/\/webartesanal.com\" target=\"_blank\" rel=\"noopener\">webartesanal.com<\/a>)<\/p>\n","protected":false},"excerpt":{"rendered":"<p>Cookie Policy A cookie is a small text file that is stored in your browser when you visit almost any web page. Its usefulness is that the web is able to remember your visit when you return to browse that page. Cookies usually store information of a technical nature, personal preferences, content personalization, usage statistics, [&hellip;]<\/p>\n","protected":false},"author":2,"featured_media":0,"parent":0,"menu_order":0,"comment_status":"closed","ping_status":"closed","template":"","meta":{"_et_pb_use_builder":"off","_et_pb_old_content":"","_et_gb_content_width":"","jetpack_post_was_ever_published":false,"footnotes":""},"class_list":["post-1870","page","type-page","status-publish","hentry"],"yoast_head":"<!-- This site is optimized with the Yoast SEO plugin v27.4 - https:\/\/yoast.com\/product\/yoast-seo-wordpress\/ -->\n<title>Cookie Policy - David G\u00f3mez<\/title>\n<meta name=\"robots\" content=\"index, follow, max-snippet:-1, max-image-preview:large, max-video-preview:-1\" \/>\n<link rel=\"canonical\" href=\"https:\/\/davidgomez.ovh\/en\/cookie-policy\/\" \/>\n<meta property=\"og:locale\" content=\"en_US\" \/>\n<meta property=\"og:type\" content=\"article\" \/>\n<meta property=\"og:title\" content=\"Cookie Policy - David G\u00f3mez\" \/>\n<meta property=\"og:description\" content=\"Cookie Policy A cookie is a small text file that is stored in your browser when you visit almost any web page. Its usefulness is that the web is able to remember your visit when you return to browse that page. Cookies usually store information of a technical nature, personal preferences, content personalization, usage statistics, [&hellip;]\" \/>\n<meta property=\"og:url\" content=\"https:\/\/davidgomez.ovh\/en\/cookie-policy\/\" \/>\n<meta property=\"og:site_name\" content=\"David G\u00f3mez\" \/>\n<meta property=\"article:modified_time\" content=\"2022-06-11T10:23:20+00:00\" \/>\n<meta name=\"twitter:card\" content=\"summary_large_image\" \/>\n<meta name=\"twitter:site\" content=\"@Dagolibros\" \/>\n<meta name=\"twitter:label1\" content=\"Est. reading time\" \/>\n\t<meta name=\"twitter:data1\" content=\"3 minutes\" \/>\n<script type=\"application\/ld+json\" class=\"yoast-schema-graph\">{\"@context\":\"https:\\\/\\\/schema.org\",\"@graph\":[{\"@type\":\"WebPage\",\"@id\":\"https:\\\/\\\/davidgomez.ovh\\\/en\\\/cookie-policy\\\/\",\"url\":\"https:\\\/\\\/davidgomez.ovh\\\/en\\\/cookie-policy\\\/\",\"name\":\"Cookie Policy - David G\u00f3mez\",\"isPartOf\":{\"@id\":\"https:\\\/\\\/davidgomez.ovh\\\/en\\\/#website\"},\"datePublished\":\"2017-12-30T10:48:35+00:00\",\"dateModified\":\"2022-06-11T10:23:20+00:00\",\"breadcrumb\":{\"@id\":\"https:\\\/\\\/davidgomez.ovh\\\/en\\\/cookie-policy\\\/#breadcrumb\"},\"inLanguage\":\"en-US\",\"potentialAction\":[{\"@type\":\"ReadAction\",\"target\":[\"https:\\\/\\\/davidgomez.ovh\\\/en\\\/cookie-policy\\\/\"]}]},{\"@type\":\"BreadcrumbList\",\"@id\":\"https:\\\/\\\/davidgomez.ovh\\\/en\\\/cookie-policy\\\/#breadcrumb\",\"itemListElement\":[{\"@type\":\"ListItem\",\"position\":1,\"name\":\"Portada\",\"item\":\"https:\\\/\\\/davidgomez.ovh\\\/en\\\/\"},{\"@type\":\"ListItem\",\"position\":2,\"name\":\"Cookie Policy\"}]},{\"@type\":\"WebSite\",\"@id\":\"https:\\\/\\\/davidgomez.ovh\\\/en\\\/#website\",\"url\":\"https:\\\/\\\/davidgomez.ovh\\\/en\\\/\",\"name\":\"David G\u00f3mez\",\"description\":\"Palabras con Prop\u00f3sito - Meditaciones sobre la Biblia\",\"publisher\":{\"@id\":\"https:\\\/\\\/davidgomez.ovh\\\/en\\\/#\\\/schema\\\/person\\\/e7a95ca65cffdc57d9ec5671daa10ff0\"},\"potentialAction\":[{\"@type\":\"SearchAction\",\"target\":{\"@type\":\"EntryPoint\",\"urlTemplate\":\"https:\\\/\\\/davidgomez.ovh\\\/en\\\/?s={search_term_string}\"},\"query-input\":{\"@type\":\"PropertyValueSpecification\",\"valueRequired\":true,\"valueName\":\"search_term_string\"}}],\"inLanguage\":\"en-US\"},{\"@type\":[\"Person\",\"Organization\"],\"@id\":\"https:\\\/\\\/davidgomez.ovh\\\/en\\\/#\\\/schema\\\/person\\\/e7a95ca65cffdc57d9ec5671daa10ff0\",\"name\":\"David G\u00f3mez\",\"image\":{\"@type\":\"ImageObject\",\"inLanguage\":\"en-US\",\"@id\":\"https:\\\/\\\/i0.wp.com\\\/davidgomez.ovh\\\/wp-content\\\/uploads\\\/2022\\\/06\\\/Favicon-Palabras-con-Proposito.jpg?fit=600%2C600&ssl=1\",\"url\":\"https:\\\/\\\/i0.wp.com\\\/davidgomez.ovh\\\/wp-content\\\/uploads\\\/2022\\\/06\\\/Favicon-Palabras-con-Proposito.jpg?fit=600%2C600&ssl=1\",\"contentUrl\":\"https:\\\/\\\/i0.wp.com\\\/davidgomez.ovh\\\/wp-content\\\/uploads\\\/2022\\\/06\\\/Favicon-Palabras-con-Proposito.jpg?fit=600%2C600&ssl=1\",\"width\":600,\"height\":600,\"caption\":\"David G\u00f3mez\"},\"logo\":{\"@id\":\"https:\\\/\\\/i0.wp.com\\\/davidgomez.ovh\\\/wp-content\\\/uploads\\\/2022\\\/06\\\/Favicon-Palabras-con-Proposito.jpg?fit=600%2C600&ssl=1\"},\"sameAs\":[\"https:\\\/\\\/x.com\\\/Dagolibros\"]}]}<\/script>\n<!-- \/ Yoast SEO plugin. -->","yoast_head_json":{"title":"Cookie Policy - David G\u00f3mez","robots":{"index":"index","follow":"follow","max-snippet":"max-snippet:-1","max-image-preview":"max-image-preview:large","max-video-preview":"max-video-preview:-1"},"canonical":"https:\/\/davidgomez.ovh\/en\/cookie-policy\/","og_locale":"en_US","og_type":"article","og_title":"Cookie Policy - David G\u00f3mez","og_description":"Cookie Policy A cookie is a small text file that is stored in your browser when you visit almost any web page. Its usefulness is that the web is able to remember your visit when you return to browse that page. Cookies usually store information of a technical nature, personal preferences, content personalization, usage statistics, [&hellip;]","og_url":"https:\/\/davidgomez.ovh\/en\/cookie-policy\/","og_site_name":"David G\u00f3mez","article_modified_time":"2022-06-11T10:23:20+00:00","twitter_card":"summary_large_image","twitter_site":"@Dagolibros","twitter_misc":{"Est. reading time":"3 minutes"},"schema":{"@context":"https:\/\/schema.org","@graph":[{"@type":"WebPage","@id":"https:\/\/davidgomez.ovh\/en\/cookie-policy\/","url":"https:\/\/davidgomez.ovh\/en\/cookie-policy\/","name":"Cookie Policy - David G\u00f3mez","isPartOf":{"@id":"https:\/\/davidgomez.ovh\/en\/#website"},"datePublished":"2017-12-30T10:48:35+00:00","dateModified":"2022-06-11T10:23:20+00:00","breadcrumb":{"@id":"https:\/\/davidgomez.ovh\/en\/cookie-policy\/#breadcrumb"},"inLanguage":"en-US","potentialAction":[{"@type":"ReadAction","target":["https:\/\/davidgomez.ovh\/en\/cookie-policy\/"]}]},{"@type":"BreadcrumbList","@id":"https:\/\/davidgomez.ovh\/en\/cookie-policy\/#breadcrumb","itemListElement":[{"@type":"ListItem","position":1,"name":"Portada","item":"https:\/\/davidgomez.ovh\/en\/"},{"@type":"ListItem","position":2,"name":"Cookie Policy"}]},{"@type":"WebSite","@id":"https:\/\/davidgomez.ovh\/en\/#website","url":"https:\/\/davidgomez.ovh\/en\/","name":"David G\u00f3mez","description":"Palabras con Prop\u00f3sito - Meditaciones sobre la Biblia","publisher":{"@id":"https:\/\/davidgomez.ovh\/en\/#\/schema\/person\/e7a95ca65cffdc57d9ec5671daa10ff0"},"potentialAction":[{"@type":"SearchAction","target":{"@type":"EntryPoint","urlTemplate":"https:\/\/davidgomez.ovh\/en\/?s={search_term_string}"},"query-input":{"@type":"PropertyValueSpecification","valueRequired":true,"valueName":"search_term_string"}}],"inLanguage":"en-US"},{"@type":["Person","Organization"],"@id":"https:\/\/davidgomez.ovh\/en\/#\/schema\/person\/e7a95ca65cffdc57d9ec5671daa10ff0","name":"David G\u00f3mez","image":{"@type":"ImageObject","inLanguage":"en-US","@id":"https:\/\/i0.wp.com\/davidgomez.ovh\/wp-content\/uploads\/2022\/06\/Favicon-Palabras-con-Proposito.jpg?fit=600%2C600&ssl=1","url":"https:\/\/i0.wp.com\/davidgomez.ovh\/wp-content\/uploads\/2022\/06\/Favicon-Palabras-con-Proposito.jpg?fit=600%2C600&ssl=1","contentUrl":"https:\/\/i0.wp.com\/davidgomez.ovh\/wp-content\/uploads\/2022\/06\/Favicon-Palabras-con-Proposito.jpg?fit=600%2C600&ssl=1","width":600,"height":600,"caption":"David G\u00f3mez"},"logo":{"@id":"https:\/\/i0.wp.com\/davidgomez.ovh\/wp-content\/uploads\/2022\/06\/Favicon-Palabras-con-Proposito.jpg?fit=600%2C600&ssl=1"},"sameAs":["https:\/\/x.com\/Dagolibros"]}]}},"jetpack_sharing_enabled":true,"jetpack_shortlink":"https:\/\/wp.me\/P9uhwQ-ua","jetpack_likes_enabled":true,"jetpack-related-posts":[{"id":1866,"url":"https:\/\/davidgomez.ovh\/en\/more-information-about-cookies\/","url_meta":{"origin":1870,"position":0},"title":"More information about cookies","author":"David G\u00f3mez","date":"30 December, 2017","format":false,"excerpt":"What is a cookie? A cookie is a harmless text file that is stored in your browser when you visit almost any web page. The usefulness of the cookie is that the web is able to remember your visit when you return to browse that page. Although many people do\u2026","rel":"","context":"Similar post","block_context":{"text":"Similar post","link":""},"img":{"alt_text":"","src":"","width":0,"height":0},"classes":[]},{"id":1856,"url":"https:\/\/davidgomez.ovh\/en\/legal-notice\/","url_meta":{"origin":1870,"position":1},"title":"Legal Notice","author":"David G\u00f3mez","date":"30 December, 2017","format":false,"excerpt":" \u00a0 In compliance with Article 10 of Law 34\/2002, of July 11, 2002, on Information Society Services and Electronic Commerce, it is hereby declared that the owner of the website www.davidgomez.ovh (hereinafter \"the site\")\u2026","rel":"","context":"Similar post","block_context":{"text":"Similar post","link":""},"img":{"alt_text":"","src":"","width":0,"height":0},"classes":[]},{"id":1872,"url":"https:\/\/davidgomez.ovh\/en\/in-search-of-the-perfect-shepherd\/","url_meta":{"origin":1870,"position":2},"title":"In Search of&#8230; The Perfect Shepherd?","author":"David G\u00f3mez","date":"31 October, 2018","format":false,"excerpt":"","rel":"","context":"Similar post","block_context":{"text":"Similar post","link":""},"img":{"alt_text":"","src":"https:\/\/i0.wp.com\/davidgomez.ovh\/wp-content\/uploads\/2018\/11\/el-pastor-perfecto-I-D-web-1.jpg?fit=1200%2C900&ssl=1&resize=350%2C200","width":350,"height":200,"srcset":"https:\/\/i0.wp.com\/davidgomez.ovh\/wp-content\/uploads\/2018\/11\/el-pastor-perfecto-I-D-web-1.jpg?fit=1200%2C900&ssl=1&resize=350%2C200 1x, https:\/\/i0.wp.com\/davidgomez.ovh\/wp-content\/uploads\/2018\/11\/el-pastor-perfecto-I-D-web-1.jpg?fit=1200%2C900&ssl=1&resize=525%2C300 1.5x, https:\/\/i0.wp.com\/davidgomez.ovh\/wp-content\/uploads\/2018\/11\/el-pastor-perfecto-I-D-web-1.jpg?fit=1200%2C900&ssl=1&resize=700%2C400 2x, https:\/\/i0.wp.com\/davidgomez.ovh\/wp-content\/uploads\/2018\/11\/el-pastor-perfecto-I-D-web-1.jpg?fit=1200%2C900&ssl=1&resize=1050%2C600 3x"},"classes":[]},{"id":1886,"url":"https:\/\/davidgomez.ovh\/en\/","url_meta":{"origin":1870,"position":3},"title":"David Gomez &#8211; Words with Purpose","author":"David G\u00f3mez","date":"21 December, 2017","format":false,"excerpt":"","rel":"","context":"Similar post","block_context":{"text":"Similar post","link":""},"img":{"alt_text":"","src":"","width":0,"height":0},"classes":[]},{"id":200,"url":"https:\/\/davidgomez.ovh\/mas-informacion-sobre-las-cookies\/","url_meta":{"origin":1870,"position":4},"title":"M\u00e1s informaci\u00f3n sobre las cookies","author":"David G\u00f3mez","date":"30 December, 2017","format":false,"excerpt":"\u00bfQu\u00e9 es una cookie? Una\u00a0cookie\u00a0es un fichero de texto\u00a0inofensivo\u00a0que se almacena en su navegador cuando visita casi cualquier p\u00e1gina web. La utilidad de la\u00a0cookie\u00a0es que la web sea capaz de recordar su visita cuando vuelva a navegar por esa p\u00e1gina. Aunque mucha gente no lo sabe las\u00a0cookies\u00a0se llevan utilizando desde\u2026","rel":"","context":"Similar post","block_context":{"text":"Similar post","link":""},"img":{"alt_text":"","src":"","width":0,"height":0},"classes":[]},{"id":202,"url":"https:\/\/davidgomez.ovh\/politica-de-cookies\/","url_meta":{"origin":1870,"position":5},"title":"Pol\u00edtica de cookies","author":"David G\u00f3mez","date":"30 December, 2017","format":false,"excerpt":"Pol\u00edtica de cookies Una cookie es un peque\u00f1o fichero de texto que se almacena en su navegador cuando visita casi cualquier p\u00e1gina web. Su utilidad es que la web sea capaz de recordar su visita cuando vuelva a navegar por esa p\u00e1gina. Las cookies suelen almacenar informaci\u00f3n de car\u00e1cter t\u00e9cnico,\u2026","rel":"","context":"Similar post","block_context":{"text":"Similar post","link":""},"img":{"alt_text":"","src":"","width":0,"height":0},"classes":[]}],"_links":{"self":[{"href":"https:\/\/davidgomez.ovh\/en\/wp-json\/wp\/v2\/pages\/1870","targetHints":{"allow":["GET"]}}],"collection":[{"href":"https:\/\/davidgomez.ovh\/en\/wp-json\/wp\/v2\/pages"}],"about":[{"href":"https:\/\/davidgomez.ovh\/en\/wp-json\/wp\/v2\/types\/page"}],"author":[{"embeddable":true,"href":"https:\/\/davidgomez.ovh\/en\/wp-json\/wp\/v2\/users\/2"}],"replies":[{"embeddable":true,"href":"https:\/\/davidgomez.ovh\/en\/wp-json\/wp\/v2\/comments?post=1870"}],"version-history":[{"count":0,"href":"https:\/\/davidgomez.ovh\/en\/wp-json\/wp\/v2\/pages\/1870\/revisions"}],"wp:attachment":[{"href":"https:\/\/davidgomez.ovh\/en\/wp-json\/wp\/v2\/media?parent=1870"}],"curies":[{"name":"wp","href":"https:\/\/api.w.org\/{rel}","templated":true}]}}