{"id":1898,"date":"2022-06-11T14:11:22","date_gmt":"2022-06-11T12:11:22","guid":{"rendered":"https:\/\/davidgomez.ovh\/?page_id=1898"},"modified":"2022-06-11T14:11:22","modified_gmt":"2022-06-11T12:11:22","slug":"test","status":"publish","type":"page","link":"https:\/\/davidgomez.ovh\/en\/test\/","title":{"rendered":"test"},"content":{"rendered":"<p>[et_pb_section fb_built=&#8221;1&#8243; theme_builder_area=&#8221;post_content&#8221; _builder_version=&#8221;4.17.4&#8243; _module_preset=&#8221;default&#8221;][et_pb_row _builder_version=&#8221;4.17.4&#8243; _module_preset=&#8221;default&#8221; theme_builder_area=&#8221;post_content&#8221;][et_pb_column _builder_version=&#8221;4.17.4&#8243; _module_preset=&#8221;default&#8221; type=&#8221;4_4&#8243; theme_builder_area=&#8221;post_content&#8221;][et_pb_blog _builder_version=&#8221;4.17.4&#8243; _module_preset=&#8221;default&#8221; theme_builder_area=&#8221;post_content&#8221; posts_number=&#8221;12&#8243; fullwidth=&#8221;off&#8221; hover_enabled=&#8221;0&#8243; sticky_enabled=&#8221;0&#8243;][\/et_pb_blog][\/et_pb_column][\/et_pb_row][\/et_pb_section]<\/p>\n","protected":false},"excerpt":{"rendered":"","protected":false},"author":1,"featured_media":0,"parent":0,"menu_order":0,"comment_status":"closed","ping_status":"closed","template":"","meta":{"_et_pb_use_builder":"on","_et_pb_old_content":"","_et_gb_content_width":"","jetpack_post_was_ever_published":false,"footnotes":""},"class_list":["post-1898","page","type-page","status-publish","hentry"],"yoast_head":"<!-- This site is optimized with the Yoast SEO plugin v27.3 - https:\/\/yoast.com\/product\/yoast-seo-wordpress\/ -->\n<title>test - David G\u00f3mez<\/title>\n<meta name=\"robots\" content=\"index, follow, max-snippet:-1, max-image-preview:large, max-video-preview:-1\" \/>\n<link rel=\"canonical\" href=\"https:\/\/davidgomez.ovh\/en\/test\/\" \/>\n<meta property=\"og:locale\" content=\"en_US\" \/>\n<meta property=\"og:type\" content=\"article\" \/>\n<meta property=\"og:title\" content=\"test - David G\u00f3mez\" \/>\n<meta property=\"og:url\" content=\"https:\/\/davidgomez.ovh\/en\/test\/\" \/>\n<meta property=\"og:site_name\" content=\"David G\u00f3mez\" \/>\n<meta name=\"twitter:card\" content=\"summary_large_image\" \/>\n<meta name=\"twitter:site\" content=\"@Dagolibros\" \/>\n<script type=\"application\/ld+json\" class=\"yoast-schema-graph\">{\"@context\":\"https:\\\/\\\/schema.org\",\"@graph\":[{\"@type\":\"WebPage\",\"@id\":\"https:\\\/\\\/davidgomez.ovh\\\/en\\\/test\\\/\",\"url\":\"https:\\\/\\\/davidgomez.ovh\\\/en\\\/test\\\/\",\"name\":\"test - David G\u00f3mez\",\"isPartOf\":{\"@id\":\"https:\\\/\\\/davidgomez.ovh\\\/en\\\/#website\"},\"datePublished\":\"2022-06-11T12:11:22+00:00\",\"breadcrumb\":{\"@id\":\"https:\\\/\\\/davidgomez.ovh\\\/en\\\/test\\\/#breadcrumb\"},\"inLanguage\":\"en-US\",\"potentialAction\":[{\"@type\":\"ReadAction\",\"target\":[\"https:\\\/\\\/davidgomez.ovh\\\/en\\\/test\\\/\"]}]},{\"@type\":\"BreadcrumbList\",\"@id\":\"https:\\\/\\\/davidgomez.ovh\\\/en\\\/test\\\/#breadcrumb\",\"itemListElement\":[{\"@type\":\"ListItem\",\"position\":1,\"name\":\"Portada\",\"item\":\"https:\\\/\\\/davidgomez.ovh\\\/en\\\/\"},{\"@type\":\"ListItem\",\"position\":2,\"name\":\"test\"}]},{\"@type\":\"WebSite\",\"@id\":\"https:\\\/\\\/davidgomez.ovh\\\/en\\\/#website\",\"url\":\"https:\\\/\\\/davidgomez.ovh\\\/en\\\/\",\"name\":\"David G\u00f3mez\",\"description\":\"Palabras con Prop\u00f3sito - Meditaciones sobre la Biblia\",\"publisher\":{\"@id\":\"https:\\\/\\\/davidgomez.ovh\\\/en\\\/#\\\/schema\\\/person\\\/e7a95ca65cffdc57d9ec5671daa10ff0\"},\"potentialAction\":[{\"@type\":\"SearchAction\",\"target\":{\"@type\":\"EntryPoint\",\"urlTemplate\":\"https:\\\/\\\/davidgomez.ovh\\\/en\\\/?s={search_term_string}\"},\"query-input\":{\"@type\":\"PropertyValueSpecification\",\"valueRequired\":true,\"valueName\":\"search_term_string\"}}],\"inLanguage\":\"en-US\"},{\"@type\":[\"Person\",\"Organization\"],\"@id\":\"https:\\\/\\\/davidgomez.ovh\\\/en\\\/#\\\/schema\\\/person\\\/e7a95ca65cffdc57d9ec5671daa10ff0\",\"name\":\"David G\u00f3mez\",\"image\":{\"@type\":\"ImageObject\",\"inLanguage\":\"en-US\",\"@id\":\"https:\\\/\\\/i0.wp.com\\\/davidgomez.ovh\\\/wp-content\\\/uploads\\\/2022\\\/06\\\/Favicon-Palabras-con-Proposito.jpg?fit=600%2C600&ssl=1\",\"url\":\"https:\\\/\\\/i0.wp.com\\\/davidgomez.ovh\\\/wp-content\\\/uploads\\\/2022\\\/06\\\/Favicon-Palabras-con-Proposito.jpg?fit=600%2C600&ssl=1\",\"contentUrl\":\"https:\\\/\\\/i0.wp.com\\\/davidgomez.ovh\\\/wp-content\\\/uploads\\\/2022\\\/06\\\/Favicon-Palabras-con-Proposito.jpg?fit=600%2C600&ssl=1\",\"width\":600,\"height\":600,\"caption\":\"David G\u00f3mez\"},\"logo\":{\"@id\":\"https:\\\/\\\/i0.wp.com\\\/davidgomez.ovh\\\/wp-content\\\/uploads\\\/2022\\\/06\\\/Favicon-Palabras-con-Proposito.jpg?fit=600%2C600&ssl=1\"},\"sameAs\":[\"https:\\\/\\\/x.com\\\/Dagolibros\"]}]}<\/script>\n<!-- \/ Yoast SEO plugin. -->","yoast_head_json":{"title":"test - David G\u00f3mez","robots":{"index":"index","follow":"follow","max-snippet":"max-snippet:-1","max-image-preview":"max-image-preview:large","max-video-preview":"max-video-preview:-1"},"canonical":"https:\/\/davidgomez.ovh\/en\/test\/","og_locale":"en_US","og_type":"article","og_title":"test - David G\u00f3mez","og_url":"https:\/\/davidgomez.ovh\/en\/test\/","og_site_name":"David G\u00f3mez","twitter_card":"summary_large_image","twitter_site":"@Dagolibros","schema":{"@context":"https:\/\/schema.org","@graph":[{"@type":"WebPage","@id":"https:\/\/davidgomez.ovh\/en\/test\/","url":"https:\/\/davidgomez.ovh\/en\/test\/","name":"test - David G\u00f3mez","isPartOf":{"@id":"https:\/\/davidgomez.ovh\/en\/#website"},"datePublished":"2022-06-11T12:11:22+00:00","breadcrumb":{"@id":"https:\/\/davidgomez.ovh\/en\/test\/#breadcrumb"},"inLanguage":"en-US","potentialAction":[{"@type":"ReadAction","target":["https:\/\/davidgomez.ovh\/en\/test\/"]}]},{"@type":"BreadcrumbList","@id":"https:\/\/davidgomez.ovh\/en\/test\/#breadcrumb","itemListElement":[{"@type":"ListItem","position":1,"name":"Portada","item":"https:\/\/davidgomez.ovh\/en\/"},{"@type":"ListItem","position":2,"name":"test"}]},{"@type":"WebSite","@id":"https:\/\/davidgomez.ovh\/en\/#website","url":"https:\/\/davidgomez.ovh\/en\/","name":"David G\u00f3mez","description":"Palabras con Prop\u00f3sito - Meditaciones sobre la Biblia","publisher":{"@id":"https:\/\/davidgomez.ovh\/en\/#\/schema\/person\/e7a95ca65cffdc57d9ec5671daa10ff0"},"potentialAction":[{"@type":"SearchAction","target":{"@type":"EntryPoint","urlTemplate":"https:\/\/davidgomez.ovh\/en\/?s={search_term_string}"},"query-input":{"@type":"PropertyValueSpecification","valueRequired":true,"valueName":"search_term_string"}}],"inLanguage":"en-US"},{"@type":["Person","Organization"],"@id":"https:\/\/davidgomez.ovh\/en\/#\/schema\/person\/e7a95ca65cffdc57d9ec5671daa10ff0","name":"David G\u00f3mez","image":{"@type":"ImageObject","inLanguage":"en-US","@id":"https:\/\/i0.wp.com\/davidgomez.ovh\/wp-content\/uploads\/2022\/06\/Favicon-Palabras-con-Proposito.jpg?fit=600%2C600&ssl=1","url":"https:\/\/i0.wp.com\/davidgomez.ovh\/wp-content\/uploads\/2022\/06\/Favicon-Palabras-con-Proposito.jpg?fit=600%2C600&ssl=1","contentUrl":"https:\/\/i0.wp.com\/davidgomez.ovh\/wp-content\/uploads\/2022\/06\/Favicon-Palabras-con-Proposito.jpg?fit=600%2C600&ssl=1","width":600,"height":600,"caption":"David G\u00f3mez"},"logo":{"@id":"https:\/\/i0.wp.com\/davidgomez.ovh\/wp-content\/uploads\/2022\/06\/Favicon-Palabras-con-Proposito.jpg?fit=600%2C600&ssl=1"},"sameAs":["https:\/\/x.com\/Dagolibros"]}]}},"jetpack_sharing_enabled":true,"jetpack_shortlink":"https:\/\/wp.me\/P9uhwQ-uC","jetpack_likes_enabled":true,"jetpack-related-posts":[{"id":1248,"url":"https:\/\/davidgomez.ovh\/contacto\/","url_meta":{"origin":1898,"position":0},"title":"Contacto","author":"David G\u00f3mez","date":"26 May, 2020","format":false,"excerpt":"","rel":"","context":"Similar post","block_context":{"text":"Similar post","link":""},"img":{"alt_text":"","src":"","width":0,"height":0},"classes":[]},{"id":1838,"url":"https:\/\/davidgomez.ovh\/en\/contact\/","url_meta":{"origin":1898,"position":1},"title":"Contact","author":"David G\u00f3mez","date":"26 May, 2020","format":false,"excerpt":"","rel":"","context":"Similar post","block_context":{"text":"Similar post","link":""},"img":{"alt_text":"","src":"","width":0,"height":0},"classes":[]},{"id":50,"url":"https:\/\/davidgomez.ovh\/david-gomez-escritor-cristiano\/","url_meta":{"origin":1898,"position":2},"title":"David G\u00f3mez &#8211; Palabras con Prop\u00f3sito","author":"David G\u00f3mez","date":"21 December, 2017","format":false,"excerpt":"","rel":"","context":"Similar post","block_context":{"text":"Similar post","link":""},"img":{"alt_text":"","src":"","width":0,"height":0},"classes":[]},{"id":238,"url":"https:\/\/davidgomez.ovh\/conoceme\/","url_meta":{"origin":1898,"position":3},"title":"Con\u00f3ceme","author":"David G\u00f3mez","date":"30 December, 2017","format":false,"excerpt":"","rel":"","context":"Similar post","block_context":{"text":"Similar post","link":""},"img":{"alt_text":"","src":"..\/wp-content\/uploads\/2017\/12\/david-gomez-escritor-006-firma.jpg","width":350,"height":200},"classes":[]},{"id":1057,"url":"https:\/\/davidgomez.ovh\/en-busca-de-crecer-en-la-fe\/","url_meta":{"origin":1898,"position":4},"title":"En Busca de&#8230; Crecer en la Fe","author":"David G\u00f3mez","date":"16 May, 2019","format":false,"excerpt":"","rel":"","context":"Similar post","block_context":{"text":"Similar post","link":""},"img":{"alt_text":"","src":"https:\/\/i0.wp.com\/davidgomez.ovh\/wp-content\/uploads\/2019\/04\/portada-crecer-en-la-fe.jpg?fit=1200%2C600&ssl=1&resize=350%2C200","width":350,"height":200,"srcset":"https:\/\/i0.wp.com\/davidgomez.ovh\/wp-content\/uploads\/2019\/04\/portada-crecer-en-la-fe.jpg?fit=1200%2C600&ssl=1&resize=350%2C200 1x, https:\/\/i0.wp.com\/davidgomez.ovh\/wp-content\/uploads\/2019\/04\/portada-crecer-en-la-fe.jpg?fit=1200%2C600&ssl=1&resize=525%2C300 1.5x, https:\/\/i0.wp.com\/davidgomez.ovh\/wp-content\/uploads\/2019\/04\/portada-crecer-en-la-fe.jpg?fit=1200%2C600&ssl=1&resize=700%2C400 2x, https:\/\/i0.wp.com\/davidgomez.ovh\/wp-content\/uploads\/2019\/04\/portada-crecer-en-la-fe.jpg?fit=1200%2C600&ssl=1&resize=1050%2C600 3x"},"classes":[]},{"id":864,"url":"https:\/\/davidgomez.ovh\/en-busca-de-el-pastor-perfecto\/","url_meta":{"origin":1898,"position":5},"title":"En Busca de&#8230; \u00bfEl Pastor Perfecto?","author":"David G\u00f3mez","date":"31 October, 2018","format":false,"excerpt":"","rel":"","context":"Similar post","block_context":{"text":"Similar post","link":""},"img":{"alt_text":"el-pastor-perfecto-I-D-web-1","src":"https:\/\/i0.wp.com\/davidgomez.ovh\/wp-content\/uploads\/2018\/11\/el-pastor-perfecto-I-D-web-1.jpg?fit=1200%2C900&ssl=1&resize=350%2C200","width":350,"height":200,"srcset":"https:\/\/i0.wp.com\/davidgomez.ovh\/wp-content\/uploads\/2018\/11\/el-pastor-perfecto-I-D-web-1.jpg?fit=1200%2C900&ssl=1&resize=350%2C200 1x, https:\/\/i0.wp.com\/davidgomez.ovh\/wp-content\/uploads\/2018\/11\/el-pastor-perfecto-I-D-web-1.jpg?fit=1200%2C900&ssl=1&resize=525%2C300 1.5x, https:\/\/i0.wp.com\/davidgomez.ovh\/wp-content\/uploads\/2018\/11\/el-pastor-perfecto-I-D-web-1.jpg?fit=1200%2C900&ssl=1&resize=700%2C400 2x, https:\/\/i0.wp.com\/davidgomez.ovh\/wp-content\/uploads\/2018\/11\/el-pastor-perfecto-I-D-web-1.jpg?fit=1200%2C900&ssl=1&resize=1050%2C600 3x"},"classes":[]}],"_links":{"self":[{"href":"https:\/\/davidgomez.ovh\/en\/wp-json\/wp\/v2\/pages\/1898","targetHints":{"allow":["GET"]}}],"collection":[{"href":"https:\/\/davidgomez.ovh\/en\/wp-json\/wp\/v2\/pages"}],"about":[{"href":"https:\/\/davidgomez.ovh\/en\/wp-json\/wp\/v2\/types\/page"}],"author":[{"embeddable":true,"href":"https:\/\/davidgomez.ovh\/en\/wp-json\/wp\/v2\/users\/1"}],"replies":[{"embeddable":true,"href":"https:\/\/davidgomez.ovh\/en\/wp-json\/wp\/v2\/comments?post=1898"}],"version-history":[{"count":0,"href":"https:\/\/davidgomez.ovh\/en\/wp-json\/wp\/v2\/pages\/1898\/revisions"}],"wp:attachment":[{"href":"https:\/\/davidgomez.ovh\/en\/wp-json\/wp\/v2\/media?parent=1898"}],"curies":[{"name":"wp","href":"https:\/\/api.w.org\/{rel}","templated":true}]}}